{"id":64,"date":"2020-05-14T19:08:12","date_gmt":"2020-05-14T19:08:12","guid":{"rendered":"https:\/\/www.idolaters.ch\/?page_id=64"},"modified":"2026-03-13T21:47:31","modified_gmt":"2026-03-13T21:47:31","slug":"konzerte","status":"publish","type":"page","link":"https:\/\/sixterabytesofsnow.ch\/?page_id=64","title":{"rendered":"Live"},"content":{"rendered":"\n<p>tba.<\/p>\n\n\n\n<p>past:<\/p>\n\n\n\n<ul class=\"wp-block-list\">\n<li>Do. 12. M\u00e4rz 2026, 6TBOS, Tramh\u00fcsli, Emmenbr\u00fccke<\/li>\n\n\n\n<li>Fr. 6. M\u00e4rz 2026,<strong> <\/strong>6TBOS, Lokal, Winterthur<\/li>\n\n\n\n<li>Sa. 31. Januar 2026, 6TBOS, Werft Probehaus, Kriens<\/li>\n\n\n\n<li>So. 21. Dezember 2025, 6TBOS, Martinskeller, Adligenswil<\/li>\n\n\n\n<li>Fr. 12. Dezember 2025, 6TBOS, Kultursonne, Ebikon<\/li>\n\n\n\n<li>Sa. 18. Oktober 2025, 3TBOS, Eisgrotte, privater Kellerraum Emmenbr\u00fccke<\/li>\n\n\n\n<li>Fr. 23. Mai 2025, 3TBOS, Lange Nacht der Kirchen, Emmenbr\u00fccke<\/li>\n\n\n\n<li>So. 30. M\u00e4rz 2025, 3TBOS, Skilift Grauer Himmel, St. Gallen<\/li>\n\n\n\n<li>Fr. 8. November 2024, 6TBOS, Tramh\u00fcsli, Emmenbr\u00fccke<\/li>\n\n\n\n<li>Sa. 26. Oktober 2024, 6TBOS, Kellertheater im Vogelsang, Altdorf<\/li>\n\n\n\n<li>Do. 10. Oktober 2024, 6TBOS, Neubad Klub, Luzern (Albumtaufe &#171;Planet B&#187;)<\/li>\n\n\n\n<li>Do. 19. September 2024, 6TBOS, Ono, Bern<\/li>\n\n\n\n<li>Fr. 6. September 2024, 6TBOS, Lokal, Winterthur<\/li>\n\n\n\n<li>Do. 11. April 2024, 6TBOS, Gewerbehalle, Luzern<\/li>\n\n\n\n<li>Do. 7. Dezember 2023, 6TBOS, Tramh\u00fcsli, Emmenbr\u00fccke<\/li>\n\n\n\n<li>Sa. 2. Dezember 2023, 6TBOS, Werft Probehaus: WHO IS \u00d6TZI &#8211; Festival mit Sean Noonan, 6TBOS und Le String Bl\u00f6<\/li>\n<\/ul>\n","protected":false},"excerpt":{"rendered":"<p>tba. past:<\/p>\n","protected":false},"author":1,"featured_media":0,"parent":16,"menu_order":0,"comment_status":"closed","ping_status":"closed","template":"","meta":{"footnotes":""},"class_list":["post-64","page","type-page","status-publish","hentry"],"_links":{"self":[{"href":"https:\/\/sixterabytesofsnow.ch\/index.php?rest_route=\/wp\/v2\/pages\/64","targetHints":{"allow":["GET"]}}],"collection":[{"href":"https:\/\/sixterabytesofsnow.ch\/index.php?rest_route=\/wp\/v2\/pages"}],"about":[{"href":"https:\/\/sixterabytesofsnow.ch\/index.php?rest_route=\/wp\/v2\/types\/page"}],"author":[{"embeddable":true,"href":"https:\/\/sixterabytesofsnow.ch\/index.php?rest_route=\/wp\/v2\/users\/1"}],"replies":[{"embeddable":true,"href":"https:\/\/sixterabytesofsnow.ch\/index.php?rest_route=%2Fwp%2Fv2%2Fcomments&post=64"}],"version-history":[{"count":119,"href":"https:\/\/sixterabytesofsnow.ch\/index.php?rest_route=\/wp\/v2\/pages\/64\/revisions"}],"predecessor-version":[{"id":1470,"href":"https:\/\/sixterabytesofsnow.ch\/index.php?rest_route=\/wp\/v2\/pages\/64\/revisions\/1470"}],"up":[{"embeddable":true,"href":"https:\/\/sixterabytesofsnow.ch\/index.php?rest_route=\/wp\/v2\/pages\/16"}],"wp:attachment":[{"href":"https:\/\/sixterabytesofsnow.ch\/index.php?rest_route=%2Fwp%2Fv2%2Fmedia&parent=64"}],"curies":[{"name":"wp","href":"https:\/\/api.w.org\/{rel}","templated":true}]}}