{"id":63,"date":"2020-05-14T19:08:12","date_gmt":"2020-05-14T19:08:12","guid":{"rendered":"https:\/\/www.idolaters.ch\/?page_id=63"},"modified":"2025-08-21T18:29:56","modified_gmt":"2025-08-21T18:29:56","slug":"about","status":"publish","type":"page","link":"https:\/\/sixterabytesofsnow.ch\/?page_id=63","title":{"rendered":"About"},"content":{"rendered":"\n<figure class=\"wp-block-image size-large\"><img loading=\"lazy\" decoding=\"async\" width=\"1024\" height=\"683\" src=\"https:\/\/sixterabytesofsnow.ch\/wp-content\/uploads\/2025\/08\/Six_Terabytes_of_Snow-fin-1-7-Kopie-low-res-1024x683.jpg\" alt=\"\" class=\"wp-image-1412\" srcset=\"https:\/\/sixterabytesofsnow.ch\/wp-content\/uploads\/2025\/08\/Six_Terabytes_of_Snow-fin-1-7-Kopie-low-res-1024x683.jpg 1024w, https:\/\/sixterabytesofsnow.ch\/wp-content\/uploads\/2025\/08\/Six_Terabytes_of_Snow-fin-1-7-Kopie-low-res-559x373.jpg 559w, https:\/\/sixterabytesofsnow.ch\/wp-content\/uploads\/2025\/08\/Six_Terabytes_of_Snow-fin-1-7-Kopie-low-res-768x512.jpg 768w, https:\/\/sixterabytesofsnow.ch\/wp-content\/uploads\/2025\/08\/Six_Terabytes_of_Snow-fin-1-7-Kopie-low-res-1536x1024.jpg 1536w, https:\/\/sixterabytesofsnow.ch\/wp-content\/uploads\/2025\/08\/Six_Terabytes_of_Snow-fin-1-7-Kopie-low-res-2048x1365.jpg 2048w, https:\/\/sixterabytesofsnow.ch\/wp-content\/uploads\/2025\/08\/Six_Terabytes_of_Snow-fin-1-7-Kopie-low-res-1200x800.jpg 1200w\" sizes=\"auto, (max-width: 1024px) 100vw, 1024px\" \/><\/figure>\n\n\n\n<p>Der Aufwachraum f\u00fcr Gletschermumien der Zukunft ist eine virtuelle Eisgrotte auf <em>Planet B<\/em>. Digitaler Schnee ist das Winterm\u00e4rchen der Zukunft. Algorithmen sind die neuen Taktgeber, Big Data das neue Utopia. Aber bevor die k\u00fcnstliche Intelligenz mit uns Ski f\u00e4hrt, entwerfen wir besser unsere eigene Abfahrt. In einer erhitzten Zukunft brauchen wir einen k\u00fchlen Kopf.&nbsp;<\/p>\n\n\n\n<p>Sechs Terabytes (6TB) ist die behauptete Datenmenge, die ben\u00f6tigt wird, um dereinst die verschwundenen Schneegest\u00f6ber und Gletscherlandschaften unserer Kindheit virtuell darzustellen. Die Musik von <em>Six Terabytes of Snow <\/em>oszilliert zwischen Stilen und Stimmungen, zwischen flimmernden Melodien, virtuosen Breaks und wuchtigen Beats. Ob Oden auf die ausgestorbene Megafauna oder Soundtracks f\u00fcr Minibusse auf dem Mars: <em>Six Terabytes of Snow<\/em> feiert die Wunder der Welt und ihrer angrenzenden Sph\u00e4ren. Und wenn der letzte Gletscher weggeschmolzen ist, laden wir die \u00d6tzis des neuen Jahrtausends zum Tanz. <em>&#171;There is no Planet B?&#187; <\/em>Vielleicht doch. Auf das Zeitalter des Verbrennens folgt das Zeitalter des digitalen Speicherns. <em>See you in the Cloud.&nbsp;<\/em><\/p>\n\n\n\n<p>Oder Live.<\/p>\n\n\n\n<p><\/p>\n","protected":false},"excerpt":{"rendered":"<p>Der Aufwachraum f\u00fcr Gletschermumien der Zukunft ist eine virtuelle Eisgrotte auf Planet B. Digitaler Schnee ist das Winterm\u00e4rchen der Zukunft. Algorithmen sind die neuen Taktgeber, Big Data das neue Utopia. Aber bevor die k\u00fcnstliche Intelligenz mit uns Ski f\u00e4hrt, entwerfen wir besser unsere eigene Abfahrt. In einer erhitzten Zukunft brauchen wir einen k\u00fchlen Kopf.&nbsp; Sechs &hellip; <\/p>\n<p class=\"link-more\"><a href=\"https:\/\/sixterabytesofsnow.ch\/?page_id=63\" class=\"more-link\">Continue reading<span class=\"screen-reader-text\"> &#171;About&#187;<\/span><\/a><\/p>\n","protected":false},"author":1,"featured_media":0,"parent":0,"menu_order":0,"comment_status":"closed","ping_status":"closed","template":"","meta":{"footnotes":""},"class_list":["post-63","page","type-page","status-publish","hentry"],"_links":{"self":[{"href":"https:\/\/sixterabytesofsnow.ch\/index.php?rest_route=\/wp\/v2\/pages\/63","targetHints":{"allow":["GET"]}}],"collection":[{"href":"https:\/\/sixterabytesofsnow.ch\/index.php?rest_route=\/wp\/v2\/pages"}],"about":[{"href":"https:\/\/sixterabytesofsnow.ch\/index.php?rest_route=\/wp\/v2\/types\/page"}],"author":[{"embeddable":true,"href":"https:\/\/sixterabytesofsnow.ch\/index.php?rest_route=\/wp\/v2\/users\/1"}],"replies":[{"embeddable":true,"href":"https:\/\/sixterabytesofsnow.ch\/index.php?rest_route=%2Fwp%2Fv2%2Fcomments&post=63"}],"version-history":[{"count":38,"href":"https:\/\/sixterabytesofsnow.ch\/index.php?rest_route=\/wp\/v2\/pages\/63\/revisions"}],"predecessor-version":[{"id":1419,"href":"https:\/\/sixterabytesofsnow.ch\/index.php?rest_route=\/wp\/v2\/pages\/63\/revisions\/1419"}],"wp:attachment":[{"href":"https:\/\/sixterabytesofsnow.ch\/index.php?rest_route=%2Fwp%2Fv2%2Fmedia&parent=63"}],"curies":[{"name":"wp","href":"https:\/\/api.w.org\/{rel}","templated":true}]}}