{"id":1040,"date":"2024-05-26T14:32:05","date_gmt":"2024-05-26T14:32:05","guid":{"rendered":"https:\/\/sixterabytesofsnow.ch\/?page_id=1040"},"modified":"2024-07-06T09:52:52","modified_gmt":"2024-07-06T09:52:52","slug":"adrian-vela-young","status":"publish","type":"page","link":"https:\/\/sixterabytesofsnow.ch\/?page_id=1040","title":{"rendered":"Adrian Vela Young"},"content":{"rendered":"\n<figure class=\"wp-block-image size-large is-resized\"><img loading=\"lazy\" decoding=\"async\" width=\"768\" height=\"1024\" src=\"https:\/\/sixterabytesofsnow.ch\/wp-content\/uploads\/2024\/07\/IMG_5104-768x1024.jpg\" alt=\"\" class=\"wp-image-1092\" style=\"width:453px;height:auto\" srcset=\"https:\/\/sixterabytesofsnow.ch\/wp-content\/uploads\/2024\/07\/IMG_5104-768x1024.jpg 768w, https:\/\/sixterabytesofsnow.ch\/wp-content\/uploads\/2024\/07\/IMG_5104-419x559.jpg 419w, https:\/\/sixterabytesofsnow.ch\/wp-content\/uploads\/2024\/07\/IMG_5104-1152x1536.jpg 1152w, https:\/\/sixterabytesofsnow.ch\/wp-content\/uploads\/2024\/07\/IMG_5104-1536x2048.jpg 1536w, https:\/\/sixterabytesofsnow.ch\/wp-content\/uploads\/2024\/07\/IMG_5104-scaled.jpg 1920w\" sizes=\"auto, (max-width: 768px) 100vw, 768px\" \/><\/figure>\n\n\n\n<p>Adrian Vela Young \/\/ E-Bass &amp; Kontrabass<\/p>\n\n\n\n<p>Geboren 1986 im Regenwald Perus (Iquitos), aufgewachsen an der K\u00fcste (Trujillo). Bachelor in Kommunikationswissenschaften. Grundstudium in Komposition mit Kontrabass und Gitarre am Konservatorium in Trujillo.&nbsp;Gr\u00fcnder von Peru Salvaje (Folk-Rock) und Gatos Muchos Gatos (Musiktheater f\u00fcr Kinder). Mitwirkung in verschiedensten Formationen, u.a. bei Colectivo Circo Band (Cumbia-Rock-Fusion) und von 2013-2019 festes Mitglied bei Le Miner Swing (Jazz Manouche). Realisierung internationaler Tourneen, sowie Aufnahmen verschiedener Alben, Videos und H\u00f6rspielen. Kompositionen von Theatermusik. Seit 2021 in der Schweiz, Emmenbr\u00fccke LU, wohnhaft. Arbeitet als Musiker in der Spanischen Kirche. Partizipation in mehreren Projekten von Folk \u00fcber Latin bis Jazz.<\/p>\n","protected":false},"excerpt":{"rendered":"<p>Adrian Vela Young \/\/ E-Bass &amp; Kontrabass Geboren 1986 im Regenwald Perus (Iquitos), aufgewachsen an der K\u00fcste (Trujillo). Bachelor in Kommunikationswissenschaften. Grundstudium in Komposition mit Kontrabass und Gitarre am Konservatorium in Trujillo.&nbsp;Gr\u00fcnder von Peru Salvaje (Folk-Rock) und Gatos Muchos Gatos (Musiktheater f\u00fcr Kinder). Mitwirkung in verschiedensten Formationen, u.a. bei Colectivo Circo Band (Cumbia-Rock-Fusion) und von &hellip; <\/p>\n<p class=\"link-more\"><a href=\"https:\/\/sixterabytesofsnow.ch\/?page_id=1040\" class=\"more-link\">Continue reading<span class=\"screen-reader-text\"> &#171;Adrian Vela Young&#187;<\/span><\/a><\/p>\n","protected":false},"author":1,"featured_media":0,"parent":0,"menu_order":0,"comment_status":"closed","ping_status":"closed","template":"","meta":{"footnotes":""},"class_list":["post-1040","page","type-page","status-publish","hentry"],"_links":{"self":[{"href":"https:\/\/sixterabytesofsnow.ch\/index.php?rest_route=\/wp\/v2\/pages\/1040","targetHints":{"allow":["GET"]}}],"collection":[{"href":"https:\/\/sixterabytesofsnow.ch\/index.php?rest_route=\/wp\/v2\/pages"}],"about":[{"href":"https:\/\/sixterabytesofsnow.ch\/index.php?rest_route=\/wp\/v2\/types\/page"}],"author":[{"embeddable":true,"href":"https:\/\/sixterabytesofsnow.ch\/index.php?rest_route=\/wp\/v2\/users\/1"}],"replies":[{"embeddable":true,"href":"https:\/\/sixterabytesofsnow.ch\/index.php?rest_route=%2Fwp%2Fv2%2Fcomments&post=1040"}],"version-history":[{"count":5,"href":"https:\/\/sixterabytesofsnow.ch\/index.php?rest_route=\/wp\/v2\/pages\/1040\/revisions"}],"predecessor-version":[{"id":1093,"href":"https:\/\/sixterabytesofsnow.ch\/index.php?rest_route=\/wp\/v2\/pages\/1040\/revisions\/1093"}],"wp:attachment":[{"href":"https:\/\/sixterabytesofsnow.ch\/index.php?rest_route=%2Fwp%2Fv2%2Fmedia&parent=1040"}],"curies":[{"name":"wp","href":"https:\/\/api.w.org\/{rel}","templated":true}]}}